{"id":41,"date":"2025-03-06T13:20:15","date_gmt":"2025-03-06T13:20:15","guid":{"rendered":"https:\/\/aa1.es\/?page_id=41"},"modified":"2025-05-12T12:10:30","modified_gmt":"2025-05-12T12:10:30","slug":"news","status":"publish","type":"page","link":"https:\/\/aa1.es\/?page_id=41","title":{"rendered":"News"},"content":{"rendered":"\t\t<div data-elementor-type=\"wp-page\" data-elementor-id=\"41\" class=\"elementor elementor-41\" data-elementor-post-type=\"page\">\n\t\t\t\t<div class=\"elementor-element elementor-element-cc64ae1 e-flex e-con-boxed e-con e-parent\" data-id=\"cc64ae1\" data-element_type=\"container\" data-settings=\"{&quot;background_background&quot;:&quot;classic&quot;,&quot;background_motion_fx_motion_fx_scrolling&quot;:&quot;yes&quot;,&quot;background_motion_fx_translateX_effect&quot;:&quot;yes&quot;,&quot;background_motion_fx_translateX_speed&quot;:{&quot;unit&quot;:&quot;px&quot;,&quot;size&quot;:1.1,&quot;sizes&quot;:[]},&quot;background_motion_fx_translateX_affectedRange&quot;:{&quot;unit&quot;:&quot;%&quot;,&quot;size&quot;:&quot;&quot;,&quot;sizes&quot;:{&quot;start&quot;:0,&quot;end&quot;:100}},&quot;background_motion_fx_devices&quot;:[&quot;desktop&quot;,&quot;laptop&quot;,&quot;tablet&quot;,&quot;mobile&quot;]}\">\n\t\t\t\t\t<div class=\"e-con-inner\">\n\t\t\t\t\t<\/div>\n\t\t\t\t<\/div>\n\t\t<div class=\"elementor-element elementor-element-55429a7 e-flex e-con-boxed e-con e-parent\" data-id=\"55429a7\" data-element_type=\"container\">\n\t\t\t\t\t<div class=\"e-con-inner\">\n\t\t<div class=\"elementor-element elementor-element-97edc4c e-con-full e-flex e-con e-child\" data-id=\"97edc4c\" data-element_type=\"container\">\n\t\t\t\t<div class=\"elementor-element elementor-element-6bbeacc elementor-grid-1 elementor-grid-tablet-2 elementor-grid-mobile-1 elementor-posts--thumbnail-top elementor-card-shadow-yes elementor-posts__hover-gradient elementor-widget elementor-widget-posts\" data-id=\"6bbeacc\" data-element_type=\"widget\" data-settings=\"{&quot;cards_columns&quot;:&quot;1&quot;,&quot;cards_columns_tablet&quot;:&quot;2&quot;,&quot;cards_columns_mobile&quot;:&quot;1&quot;,&quot;cards_row_gap&quot;:{&quot;unit&quot;:&quot;px&quot;,&quot;size&quot;:35,&quot;sizes&quot;:[]},&quot;cards_row_gap_laptop&quot;:{&quot;unit&quot;:&quot;px&quot;,&quot;size&quot;:&quot;&quot;,&quot;sizes&quot;:[]},&quot;cards_row_gap_tablet&quot;:{&quot;unit&quot;:&quot;px&quot;,&quot;size&quot;:&quot;&quot;,&quot;sizes&quot;:[]},&quot;cards_row_gap_mobile&quot;:{&quot;unit&quot;:&quot;px&quot;,&quot;size&quot;:&quot;&quot;,&quot;sizes&quot;:[]}}\" data-widget_type=\"posts.cards\">\n\t\t\t\t<div class=\"elementor-widget-container\">\n\t\t\t\t\t\t\t<div class=\"elementor-posts-container elementor-posts elementor-posts--skin-cards elementor-grid\" role=\"list\">\n\t\t\t\t<article class=\"elementor-post elementor-grid-item post-2589 post type-post status-publish format-standard has-post-thumbnail hentry category-uncategorized\" role=\"listitem\">\n\t\t\t<div class=\"elementor-post__card\">\n\t\t\t\t<a class=\"elementor-post__thumbnail__link\" href=\"https:\/\/aa1.es\/?p=2589\" tabindex=\"-1\" ><div class=\"elementor-post__thumbnail\"><img fetchpriority=\"high\" decoding=\"async\" width=\"300\" height=\"200\" src=\"https:\/\/aa1.es\/wp-content\/uploads\/2025\/12\/francesco-gallarotti-ruQHpukrN7c-unsplash-300x200.jpg\" class=\"attachment-medium size-medium wp-image-2590\" alt=\"Image by Francesco Gallarotti, licensed by Unsplash, depicting two sprouts with green leaves\" srcset=\"https:\/\/aa1.es\/wp-content\/uploads\/2025\/12\/francesco-gallarotti-ruQHpukrN7c-unsplash-300x200.jpg 300w, https:\/\/aa1.es\/wp-content\/uploads\/2025\/12\/francesco-gallarotti-ruQHpukrN7c-unsplash-1024x683.jpg 1024w, https:\/\/aa1.es\/wp-content\/uploads\/2025\/12\/francesco-gallarotti-ruQHpukrN7c-unsplash-768x512.jpg 768w, https:\/\/aa1.es\/wp-content\/uploads\/2025\/12\/francesco-gallarotti-ruQHpukrN7c-unsplash-1536x1024.jpg 1536w, https:\/\/aa1.es\/wp-content\/uploads\/2025\/12\/francesco-gallarotti-ruQHpukrN7c-unsplash-2048x1365.jpg 2048w\" sizes=\"(max-width: 300px) 100vw, 300px\" \/><\/div><\/a>\n\t\t\t\t<div class=\"elementor-post__text\">\n\t\t\t\t<h3 class=\"elementor-post__title\">\n\t\t\t<a href=\"https:\/\/aa1.es\/?p=2589\" >\n\t\t\t\tJes\u00fas Simal publica un nuevo art\u00edculo en Scientias sobre datos e inteligencia artificial y sistemas alimentarios sostenibles\t\t\t<\/a>\n\t\t<\/h3>\n\t\t\t\t<div class=\"elementor-post__excerpt\">\n\t\t\t<p>Jes\u00fas Simal, catedr\u00e1tico Investigador Principal (IP) del grupo AA1, ha publicado un nuevo art\u00edculo en el portal de divulgaci\u00f3n cient\u00edfica Scientias, en el que aborda el papel del an\u00e1lisis de datos y la inteligencia artificial (IA) en la construcci\u00f3n de sistemas alimentarios m\u00e1s justos y sostenibles. En el art\u00edculo, Simal analiza los grandes retos a los que se enfrenta la seguridad alimentaria global: un modelo de producci\u00f3n responsable de una parte significativa de las emisiones de gases de efecto invernadero, la p\u00e9rdida de biodiversidad, el desperdicio de alimentos y las<\/p>\n\t\t<\/div>\n\t\t\n\t\t<a class=\"elementor-post__read-more\" href=\"https:\/\/aa1.es\/?p=2589\" aria-label=\"M\u00e1s informaci\u00f3n sobre Jes\u00fas Simal publica un nuevo art\u00edculo en Scientias sobre datos e inteligencia artificial y sistemas alimentarios sostenibles\" tabindex=\"-1\" >\n\t\t\tLer m\u00e1is \u00bb\t\t<\/a>\n\n\t\t\t\t<\/div>\n\t\t\t\t<div class=\"elementor-post__meta-data\">\n\t\t\t\t\t<span class=\"elementor-post-date\">\n\t\t\tdiciembre 23, 2025\t\t<\/span>\n\t\t\t\t<\/div>\n\t\t\t\t\t<\/div>\n\t\t<\/article>\n\t\t\t\t<\/div>\n\t\t\n\t\t\t\t\t\t<\/div>\n\t\t\t\t<\/div>\n\t\t\t\t<div class=\"elementor-element elementor-element-4fc43ee elementor-grid-3 elementor-grid-tablet-2 elementor-grid-mobile-1 elementor-posts--thumbnail-top load-more-align-center elementor-widget elementor-widget-posts\" data-id=\"4fc43ee\" data-element_type=\"widget\" data-settings=\"{&quot;pagination_type&quot;:&quot;load_more_on_click&quot;,&quot;classic_columns&quot;:&quot;3&quot;,&quot;classic_columns_tablet&quot;:&quot;2&quot;,&quot;classic_columns_mobile&quot;:&quot;1&quot;,&quot;classic_row_gap&quot;:{&quot;unit&quot;:&quot;px&quot;,&quot;size&quot;:35,&quot;sizes&quot;:[]},&quot;classic_row_gap_laptop&quot;:{&quot;unit&quot;:&quot;px&quot;,&quot;size&quot;:&quot;&quot;,&quot;sizes&quot;:[]},&quot;classic_row_gap_tablet&quot;:{&quot;unit&quot;:&quot;px&quot;,&quot;size&quot;:&quot;&quot;,&quot;sizes&quot;:[]},&quot;classic_row_gap_mobile&quot;:{&quot;unit&quot;:&quot;px&quot;,&quot;size&quot;:&quot;&quot;,&quot;sizes&quot;:[]},&quot;load_more_spinner&quot;:{&quot;value&quot;:&quot;fas fa-spinner&quot;,&quot;library&quot;:&quot;fa-solid&quot;}}\" data-widget_type=\"posts.classic\">\n\t\t\t\t<div class=\"elementor-widget-container\">\n\t\t\t\t\t\t\t<div class=\"elementor-posts-container elementor-posts elementor-posts--skin-classic elementor-grid\" role=\"list\">\n\t\t\t\t<article class=\"elementor-post elementor-grid-item post-2562 post type-post status-publish format-standard has-post-thumbnail hentry category-destacados-inicio\" role=\"listitem\">\n\t\t\t\t<a class=\"elementor-post__thumbnail__link\" href=\"https:\/\/aa1.es\/?p=2562\" tabindex=\"-1\" >\n\t\t\t<div class=\"elementor-post__thumbnail\"><img decoding=\"async\" width=\"300\" height=\"198\" src=\"https:\/\/aa1.es\/wp-content\/uploads\/2025\/12\/oporto-300x198.jpg\" class=\"attachment-medium size-medium wp-image-2587\" alt=\"\" srcset=\"https:\/\/aa1.es\/wp-content\/uploads\/2025\/12\/oporto-300x198.jpg 300w, https:\/\/aa1.es\/wp-content\/uploads\/2025\/12\/oporto-1024x677.jpg 1024w, https:\/\/aa1.es\/wp-content\/uploads\/2025\/12\/oporto-768x508.jpg 768w, https:\/\/aa1.es\/wp-content\/uploads\/2025\/12\/oporto-1536x1016.jpg 1536w, https:\/\/aa1.es\/wp-content\/uploads\/2025\/12\/oporto.jpg 1824w\" sizes=\"(max-width: 300px) 100vw, 300px\" \/><\/div>\n\t\t<\/a>\n\t\t\t\t<div class=\"elementor-post__text\">\n\t\t\t\t<h3 class=\"elementor-post__title\">\n\t\t\t<a href=\"https:\/\/aa1.es\/?p=2562\" >\n\t\t\t\tNova convocatoria Erasmus+: BIP RADIANT \u2013 Innovaci\u00f3n culinaria en Portugal (GL\/EN)\t\t\t<\/a>\n\t\t<\/h3>\n\t\t\t\t<div class=\"elementor-post__meta-data\">\n\t\t\t\t\t<span class=\"elementor-post-date\">\n\t\t\tdiciembre 5, 2025\t\t<\/span>\n\t\t\t\t<\/div>\n\t\t\t\t<div class=\"elementor-post__excerpt\">\n\t\t\t<p>A Universidade de Vigo compr\u00e1cese en anunciar a terceira edici\u00f3n do BIP Erasmus RADIANT: Tradition in culinary innovation: from minor to major, un curso intensivo que combinar\u00e1 ensinanza en modelo presencial e, tam\u00e9n, virtual. Este programa est\u00e1 pensado para estudantes que queiran explorar a innovaci\u00f3n culinaria combinando tradici\u00f3n e tecnolox\u00eda<\/p>\n\t\t<\/div>\n\t\t\n\t\t<a class=\"elementor-post__read-more\" href=\"https:\/\/aa1.es\/?p=2562\" aria-label=\"M\u00e1s informaci\u00f3n sobre Nova convocatoria Erasmus+: BIP RADIANT \u2013 Innovaci\u00f3n culinaria en Portugal (GL\/EN)\" tabindex=\"-1\" >\n\t\t\tLer m\u00e1is \u00bb\t\t<\/a>\n\n\t\t\t\t<\/div>\n\t\t\t\t<\/article>\n\t\t\t\t<article class=\"elementor-post elementor-grid-item post-2549 post type-post status-publish format-standard has-post-thumbnail hentry category-destacados-inicio\" role=\"listitem\">\n\t\t\t\t<a class=\"elementor-post__thumbnail__link\" href=\"https:\/\/aa1.es\/?p=2549\" tabindex=\"-1\" >\n\t\t\t<div class=\"elementor-post__thumbnail\"><img decoding=\"async\" width=\"300\" height=\"226\" src=\"https:\/\/aa1.es\/wp-content\/uploads\/2025\/12\/IMG20251128141235-300x226.jpg\" class=\"attachment-medium size-medium wp-image-2557\" alt=\"Fotograf\u00eda dos participantes no Simposio \/ Picture with the attendees and participants in the Symposium\" srcset=\"https:\/\/aa1.es\/wp-content\/uploads\/2025\/12\/IMG20251128141235-300x226.jpg 300w, https:\/\/aa1.es\/wp-content\/uploads\/2025\/12\/IMG20251128141235-1024x771.jpg 1024w, https:\/\/aa1.es\/wp-content\/uploads\/2025\/12\/IMG20251128141235-768x578.jpg 768w, https:\/\/aa1.es\/wp-content\/uploads\/2025\/12\/IMG20251128141235-1536x1157.jpg 1536w, https:\/\/aa1.es\/wp-content\/uploads\/2025\/12\/IMG20251128141235-2048x1542.jpg 2048w\" sizes=\"(max-width: 300px) 100vw, 300px\" \/><\/div>\n\t\t<\/a>\n\t\t\t\t<div class=\"elementor-post__text\">\n\t\t\t\t<h3 class=\"elementor-post__title\">\n\t\t\t<a href=\"https:\/\/aa1.es\/?p=2549\" >\n\t\t\t\tO II Simposio de Investigaci\u00f3ns Agrarias e Alimentarias consol\u00eddase como punto de encontro do talento investigador da Universidade de Vigo (GL\/EN)\t\t\t<\/a>\n\t\t<\/h3>\n\t\t\t\t<div class=\"elementor-post__meta-data\">\n\t\t\t\t\t<span class=\"elementor-post-date\">\n\t\t\tdiciembre 1, 2025\t\t<\/span>\n\t\t\t\t<\/div>\n\t\t\t\t<div class=\"elementor-post__excerpt\">\n\t\t\t<p>A segunda edici\u00f3n do Simposio de Investigaci\u00f3ns Agrarias e Alimentarias do Grupo AA1 celebrouse este venres d\u00eda 28 de novembro no Citexvi, reunindo m\u00e1is unha vez ao estudantado predoutoral e \u00e1 equipa de investigaci\u00f3n posdoutoral do grupo AA1 nun foro que contin\u00faa a medrar e a consolidarse nesta segunda edici\u00f3n,<\/p>\n\t\t<\/div>\n\t\t\n\t\t<a class=\"elementor-post__read-more\" href=\"https:\/\/aa1.es\/?p=2549\" aria-label=\"M\u00e1s informaci\u00f3n sobre O II Simposio de Investigaci\u00f3ns Agrarias e Alimentarias consol\u00eddase como punto de encontro do talento investigador da Universidade de Vigo (GL\/EN)\" tabindex=\"-1\" >\n\t\t\tLer m\u00e1is \u00bb\t\t<\/a>\n\n\t\t\t\t<\/div>\n\t\t\t\t<\/article>\n\t\t\t\t<article class=\"elementor-post elementor-grid-item post-2542 post type-post status-publish format-standard has-post-thumbnail hentry category-destacados-inicio\" role=\"listitem\">\n\t\t\t\t<a class=\"elementor-post__thumbnail__link\" href=\"https:\/\/aa1.es\/?p=2542\" tabindex=\"-1\" >\n\t\t\t<div class=\"elementor-post__thumbnail\"><img loading=\"lazy\" decoding=\"async\" width=\"300\" height=\"169\" src=\"https:\/\/aa1.es\/wp-content\/uploads\/2025\/03\/aa1-300x169.jpg\" class=\"attachment-medium size-medium wp-image-145\" alt=\"\" srcset=\"https:\/\/aa1.es\/wp-content\/uploads\/2025\/03\/aa1-300x169.jpg 300w, https:\/\/aa1.es\/wp-content\/uploads\/2025\/03\/aa1-1024x576.jpg 1024w, https:\/\/aa1.es\/wp-content\/uploads\/2025\/03\/aa1-768x432.jpg 768w, https:\/\/aa1.es\/wp-content\/uploads\/2025\/03\/aa1.jpg 1400w\" sizes=\"(max-width: 300px) 100vw, 300px\" \/><\/div>\n\t\t<\/a>\n\t\t\t\t<div class=\"elementor-post__text\">\n\t\t\t\t<h3 class=\"elementor-post__title\">\n\t\t\t<a href=\"https:\/\/aa1.es\/?p=2542\" >\n\t\t\t\tO Citexvi acoller\u00e1 o 28 de novembro o II Simposio de Investigaci\u00f3ns Agrarias e Alimentarias (GL\/EN)\t\t\t<\/a>\n\t\t<\/h3>\n\t\t\t\t<div class=\"elementor-post__meta-data\">\n\t\t\t\t\t<span class=\"elementor-post-date\">\n\t\t\tnoviembre 26, 2025\t\t<\/span>\n\t\t\t\t<\/div>\n\t\t\t\t<div class=\"elementor-post__excerpt\">\n\t\t\t<p>A Cidade Tecnol\u00f3xica de Vigo (Citexvi) acoller\u00e1, no vindeiro venres 28 de novembro, a segunda edici\u00f3n do Simposio do Grupo de Investigaci\u00f3n Agroambiental e Agroalimentaria (AA1), consolidando as\u00ed unha iniciativa nacida o ano pasado e que arrincou a s\u00faa primeira edici\u00f3n na Facultade de Ciencias do Campus de Ourense, co<\/p>\n\t\t<\/div>\n\t\t\n\t\t<a class=\"elementor-post__read-more\" href=\"https:\/\/aa1.es\/?p=2542\" aria-label=\"M\u00e1s informaci\u00f3n sobre O Citexvi acoller\u00e1 o 28 de novembro o II Simposio de Investigaci\u00f3ns Agrarias e Alimentarias (GL\/EN)\" tabindex=\"-1\" >\n\t\t\tLer m\u00e1is \u00bb\t\t<\/a>\n\n\t\t\t\t<\/div>\n\t\t\t\t<\/article>\n\t\t\t\t<article class=\"elementor-post elementor-grid-item post-2528 post type-post status-publish format-standard has-post-thumbnail hentry category-destacados-inicio\" role=\"listitem\">\n\t\t\t\t<a class=\"elementor-post__thumbnail__link\" href=\"https:\/\/aa1.es\/?p=2528\" tabindex=\"-1\" >\n\t\t\t<div class=\"elementor-post__thumbnail\"><img loading=\"lazy\" decoding=\"async\" width=\"300\" height=\"205\" src=\"https:\/\/aa1.es\/wp-content\/uploads\/2025\/11\/Las-4-investigadoras-del-AA1-1-300x205.jpg\" class=\"attachment-medium size-medium wp-image-2530\" alt=\"AA1 researchers Paz Otero, Luc\u00eda Cassani, Ant\u00eda Torres and Carla Cameselle\" srcset=\"https:\/\/aa1.es\/wp-content\/uploads\/2025\/11\/Las-4-investigadoras-del-AA1-1-300x205.jpg 300w, https:\/\/aa1.es\/wp-content\/uploads\/2025\/11\/Las-4-investigadoras-del-AA1-1-1024x701.jpg 1024w, https:\/\/aa1.es\/wp-content\/uploads\/2025\/11\/Las-4-investigadoras-del-AA1-1-768x526.jpg 768w, https:\/\/aa1.es\/wp-content\/uploads\/2025\/11\/Las-4-investigadoras-del-AA1-1.jpg 1349w\" sizes=\"(max-width: 300px) 100vw, 300px\" \/><\/div>\n\t\t<\/a>\n\t\t\t\t<div class=\"elementor-post__text\">\n\t\t\t\t<h3 class=\"elementor-post__title\">\n\t\t\t<a href=\"https:\/\/aa1.es\/?p=2528\" >\n\t\t\t\tO Grupo AA1 participa na 39\u00aa edici\u00f3n da\u00a0EFFoST International Conference 2025 (GL\/EN)\t\t\t<\/a>\n\t\t<\/h3>\n\t\t\t\t<div class=\"elementor-post__meta-data\">\n\t\t\t\t\t<span class=\"elementor-post-date\">\n\t\t\tnoviembre 21, 2025\t\t<\/span>\n\t\t\t\t<\/div>\n\t\t\t\t<div class=\"elementor-post__excerpt\">\n\t\t\t<p>As investigadoras Paz Otero, Luc\u00eda Cassani, Ant\u00eda Torres e Carla Cameselle participaron na 39\u00aa edici\u00f3n da conferencia internacional EFFoST 2025, que tivo lugar entre o 17 e 19 de novembro no Porto (Portugal). A Conferencia tivo lugar na Escola Superior de Biotecnologia da Universidade Cat\u00f3lica Portuguesa e tivo como tema<\/p>\n\t\t<\/div>\n\t\t\n\t\t<a class=\"elementor-post__read-more\" href=\"https:\/\/aa1.es\/?p=2528\" aria-label=\"M\u00e1s informaci\u00f3n sobre O Grupo AA1 participa na 39\u00aa edici\u00f3n da\u00a0EFFoST International Conference 2025 (GL\/EN)\" tabindex=\"-1\" >\n\t\t\tLer m\u00e1is \u00bb\t\t<\/a>\n\n\t\t\t\t<\/div>\n\t\t\t\t<\/article>\n\t\t\t\t<article class=\"elementor-post elementor-grid-item post-2518 post type-post status-publish format-standard has-post-thumbnail hentry category-destacados-inicio\" role=\"listitem\">\n\t\t\t\t<a class=\"elementor-post__thumbnail__link\" href=\"https:\/\/aa1.es\/?p=2518\" tabindex=\"-1\" >\n\t\t\t<div class=\"elementor-post__thumbnail\"><img loading=\"lazy\" decoding=\"async\" width=\"300\" height=\"169\" src=\"https:\/\/aa1.es\/wp-content\/uploads\/2025\/11\/IMG-20251120-WA0003-300x169.jpg\" class=\"attachment-medium size-medium wp-image-2521\" alt=\"A picture of the visit of CAAS delegation to the laboratories managed by AA1 group\" srcset=\"https:\/\/aa1.es\/wp-content\/uploads\/2025\/11\/IMG-20251120-WA0003-300x169.jpg 300w, https:\/\/aa1.es\/wp-content\/uploads\/2025\/11\/IMG-20251120-WA0003-1024x576.jpg 1024w, https:\/\/aa1.es\/wp-content\/uploads\/2025\/11\/IMG-20251120-WA0003-768x432.jpg 768w, https:\/\/aa1.es\/wp-content\/uploads\/2025\/11\/IMG-20251120-WA0003-1536x864.jpg 1536w, https:\/\/aa1.es\/wp-content\/uploads\/2025\/11\/IMG-20251120-WA0003.jpg 2048w\" sizes=\"(max-width: 300px) 100vw, 300px\" \/><\/div>\n\t\t<\/a>\n\t\t\t\t<div class=\"elementor-post__text\">\n\t\t\t\t<h3 class=\"elementor-post__title\">\n\t\t\t<a href=\"https:\/\/aa1.es\/?p=2518\" >\n\t\t\t\tUniversity of Vigo receives a delegation of the Chinese Academy of Agricultural Sciences\t\t\t<\/a>\n\t\t<\/h3>\n\t\t\t\t<div class=\"elementor-post__meta-data\">\n\t\t\t\t\t<span class=\"elementor-post-date\">\n\t\t\tnoviembre 19, 2025\t\t<\/span>\n\t\t\t\t<\/div>\n\t\t\t\t<div class=\"elementor-post__excerpt\">\n\t\t\t<p>This week, Universidade de Vigo has received a new visit from a delegation of Chinese researchers that strengthens its collaboration on matters of agri-food innovation with the Chinese Academy of Agricultural Sciences (CAAS). The researchers Jesus Simal-Gandara and Jianbo Xiao welcomed a distinguished group of researchers from the Institute of<\/p>\n\t\t<\/div>\n\t\t\n\t\t<a class=\"elementor-post__read-more\" href=\"https:\/\/aa1.es\/?p=2518\" aria-label=\"M\u00e1s informaci\u00f3n sobre University of Vigo receives a delegation of the Chinese Academy of Agricultural Sciences\" tabindex=\"-1\" >\n\t\t\tLer m\u00e1is \u00bb\t\t<\/a>\n\n\t\t\t\t<\/div>\n\t\t\t\t<\/article>\n\t\t\t\t<article class=\"elementor-post elementor-grid-item post-2523 post type-post status-publish format-standard has-post-thumbnail hentry category-destacados-inicio\" role=\"listitem\">\n\t\t\t\t<a class=\"elementor-post__thumbnail__link\" href=\"https:\/\/aa1.es\/?p=2523\" tabindex=\"-1\" >\n\t\t\t<div class=\"elementor-post__thumbnail\"><img loading=\"lazy\" decoding=\"async\" width=\"274\" height=\"300\" src=\"https:\/\/aa1.es\/wp-content\/uploads\/2025\/11\/01-274x300.png\" class=\"attachment-medium size-medium wp-image-2524\" alt=\"shanghai_ranking_categories\" srcset=\"https:\/\/aa1.es\/wp-content\/uploads\/2025\/11\/01-274x300.png 274w, https:\/\/aa1.es\/wp-content\/uploads\/2025\/11\/01.png 702w\" sizes=\"(max-width: 274px) 100vw, 274px\" \/><\/div>\n\t\t<\/a>\n\t\t\t\t<div class=\"elementor-post__text\">\n\t\t\t\t<h3 class=\"elementor-post__title\">\n\t\t\t<a href=\"https:\/\/aa1.es\/?p=2523\" >\n\t\t\t\tA Universidade de Vigo, no top 3 europeo en Ciencia e Tecnolox\u00eda dos Alimentos segundo o ranking de Shanghai (GL\/EN)\t\t\t<\/a>\n\t\t<\/h3>\n\t\t\t\t<div class=\"elementor-post__meta-data\">\n\t\t\t\t\t<span class=\"elementor-post-date\">\n\t\t\tnoviembre 18, 2025\t\t<\/span>\n\t\t\t\t<\/div>\n\t\t\t\t<div class=\"elementor-post__excerpt\">\n\t\t\t<p>ShanghaiRanking Consultancy publicou hoxe, 18 de novembro, a nova edici\u00f3n da s\u00faa particular lista global de universidades, o famoso ShanghaiRanking. A lista, publicada por primeira vez no ano 2003 e propiedade da firma independente desde o ano 2009, considera unha serie indicadores que permiten a xerarquizaci\u00f3n das universidades a nivel<\/p>\n\t\t<\/div>\n\t\t\n\t\t<a class=\"elementor-post__read-more\" href=\"https:\/\/aa1.es\/?p=2523\" aria-label=\"M\u00e1s informaci\u00f3n sobre A Universidade de Vigo, no top 3 europeo en Ciencia e Tecnolox\u00eda dos Alimentos segundo o ranking de Shanghai (GL\/EN)\" tabindex=\"-1\" >\n\t\t\tLer m\u00e1is \u00bb\t\t<\/a>\n\n\t\t\t\t<\/div>\n\t\t\t\t<\/article>\n\t\t\t\t<\/div>\n\t\t\t\t\t<span class=\"e-load-more-spinner\">\n\t\t\t\t<svg aria-hidden=\"true\" class=\"e-font-icon-svg e-fas-spinner\" viewBox=\"0 0 512 512\" xmlns=\"http:\/\/www.w3.org\/2000\/svg\"><path d=\"M304 48c0 26.51-21.49 48-48 48s-48-21.49-48-48 21.49-48 48-48 48 21.49 48 48zm-48 368c-26.51 0-48 21.49-48 48s21.49 48 48 48 48-21.49 48-48-21.49-48-48-48zm208-208c-26.51 0-48 21.49-48 48s21.49 48 48 48 48-21.49 48-48-21.49-48-48-48zM96 256c0-26.51-21.49-48-48-48S0 229.49 0 256s21.49 48 48 48 48-21.49 48-48zm12.922 99.078c-26.51 0-48 21.49-48 48s21.49 48 48 48 48-21.49 48-48c0-26.509-21.491-48-48-48zm294.156 0c-26.51 0-48 21.49-48 48s21.49 48 48 48 48-21.49 48-48c0-26.509-21.49-48-48-48zM108.922 60.922c-26.51 0-48 21.49-48 48s21.49 48 48 48 48-21.49 48-48-21.491-48-48-48z\"><\/path><\/svg>\t\t\t<\/span>\n\t\t\n\t\t\t\t<div class=\"e-load-more-anchor\" data-page=\"1\" data-max-page=\"5\" data-next-page=\"https:\/\/aa1.es\/index.php?rest_route=%2Fwp%2Fv2%2Fpages%2F41&#038;paged=2\"><\/div>\n\t\t\t\t<div class=\"elementor-button-wrapper\">\n\t\t\t<a class=\"elementor-button elementor-size-sm\" role=\"button\">\n\t\t\t\t\t\t<span class=\"elementor-button-content-wrapper\">\n\t\t\t\t\t\t\t\t\t<span class=\"elementor-button-text\">Cargar m\u00e1s<\/span>\n\t\t\t\t\t<\/span>\n\t\t\t\t\t<\/a>\n\t\t<\/div>\n\t\t\t\t<div class=\"e-load-more-message\"><\/div>\n\t\t\t\t\t\t<\/div>\n\t\t\t\t<\/div>\n\t\t\t\t<\/div>\n\t\t<div class=\"elementor-element elementor-element-c9f9b21 e-con-full e-flex e-con e-child\" data-id=\"c9f9b21\" data-element_type=\"container\">\n\t\t\t\t<div class=\"elementor-element elementor-element-5f4466d elementor-widget elementor-widget-html\" data-id=\"5f4466d\" data-element_type=\"widget\" data-widget_type=\"html.default\">\n\t\t\t\t\t<div class=\"cff-wrapper\"><div class=\"cff-wrapper-ctn \" ><div id=\"cff\"  class=\"cff cff-list-container  cff-default-styles  cff-mob-cols-1 cff-tab-cols-1\"   style=\"width:100%;\"   data-char=\"400\" ><div class=\"cff-error-msg\">\n\t<div>\n\t\t<i class=\"fa fa-lock\" aria-hidden=\"true\" style=\"margin-right: 5px;\"><\/i><b>Este mensaje solo es visible para los administradores.<\/b><br\/>\n\t\tProblema al mostrar las entradas de Facebook. Copia de seguridad de la cach\u00e9 en uso.\t\t\t\t\t<br\/><a href=\"javascript:void(0);\" id=\"cff-show-error\" onclick=\"cffShowError()\">Haz clic para mostrar el error<\/a>\n\t\t\t<script type=\"text\/javascript\">function cffShowError() { document.getElementById(\"cff-error-reason\").style.display = \"block\"; document.getElementById(\"cff-show-error\").style.display = \"none\"; }<\/script>\n\t\t\t<\/div>\n\t\t\t<div id=\"cff-error-reason\">\n\t\t\t\t\t\t\t\t\t<b>Error:<\/b> An access token is required to request this resource.\t\t\t\t\t\t\t\t\t\t\t\t\t<b>Tipo:<\/b> OAuthException\t\t\t\t\t\t\t\t\t\t\t\t\t\t\t\t\t\t\t\t\t\t\t\t\t\t\t\t\n\t\t\t<\/div>\n\t\t\t\t\n<\/div>\n<div class=\"cff-posts-wrap\"><\/div><input class=\"cff-pag-url\" type=\"hidden\" data-locatornonce=\"4f3b8770d6\" data-cff-shortcode=\"{&quot;feed&quot;: &quot;1&quot;}\" data-post-id=\"2523\" data-feed-id=\"1431877473734569\"><\/div><\/div><div class=\"cff-clear\"><\/div><\/div>\t\t\t\t<\/div>\n\t\t\t\t<\/div>\n\t\t\t\t\t<\/div>\n\t\t\t\t<\/div>\n\t\t\t\t<\/div>\n\t\t","protected":false},"excerpt":{"rendered":"","protected":false},"author":1,"featured_media":0,"parent":0,"menu_order":0,"comment_status":"closed","ping_status":"closed","template":"","meta":{"_uag_custom_page_level_css":"","footnotes":""},"class_list":["post-41","page","type-page","status-publish","hentry"],"uagb_featured_image_src":{"full":false,"thumbnail":false,"medium":false,"medium_large":false,"large":false,"1536x1536":false,"2048x2048":false},"uagb_author_info":{"display_name":"AA1 Grupo de Investigaciones Agrarias y Alimentarias","author_link":"https:\/\/aa1.es\/?author=1"},"uagb_comment_info":0,"uagb_excerpt":null,"_links":{"self":[{"href":"https:\/\/aa1.es\/index.php?rest_route=\/wp\/v2\/pages\/41","targetHints":{"allow":["GET"]}}],"collection":[{"href":"https:\/\/aa1.es\/index.php?rest_route=\/wp\/v2\/pages"}],"about":[{"href":"https:\/\/aa1.es\/index.php?rest_route=\/wp\/v2\/types\/page"}],"author":[{"embeddable":true,"href":"https:\/\/aa1.es\/index.php?rest_route=\/wp\/v2\/users\/1"}],"replies":[{"embeddable":true,"href":"https:\/\/aa1.es\/index.php?rest_route=%2Fwp%2Fv2%2Fcomments&post=41"}],"version-history":[{"count":181,"href":"https:\/\/aa1.es\/index.php?rest_route=\/wp\/v2\/pages\/41\/revisions"}],"predecessor-version":[{"id":2284,"href":"https:\/\/aa1.es\/index.php?rest_route=\/wp\/v2\/pages\/41\/revisions\/2284"}],"wp:attachment":[{"href":"https:\/\/aa1.es\/index.php?rest_route=%2Fwp%2Fv2%2Fmedia&parent=41"}],"curies":[{"name":"wp","href":"https:\/\/api.w.org\/{rel}","templated":true}]}}